{"id":330,"date":"2024-04-08T23:57:58","date_gmt":"2024-04-08T21:57:58","guid":{"rendered":"https:\/\/taopublicidad.com\/?page_id=330"},"modified":"2025-01-15T18:50:43","modified_gmt":"2025-01-15T17:50:43","slug":"sre-mas","status":"publish","type":"page","link":"https:\/\/taopublicidad.com\/index.php\/sre-mas\/","title":{"rendered":"SRE mas"},"content":{"rendered":"\t\t<div data-elementor-type=\"wp-page\" data-elementor-id=\"330\" class=\"elementor elementor-330\">\n\t\t\t\t<div class=\"elementor-element elementor-element-ec6d826 e-con-full e-flex e-con e-parent\" data-id=\"ec6d826\" data-element_type=\"container\" data-settings=\"{&quot;background_background&quot;:&quot;classic&quot;}\">\n\t\t<div class=\"elementor-element elementor-element-47ad3ff e-con-full e-flex e-con e-child\" data-id=\"47ad3ff\" data-element_type=\"container\">\n\t\t\t\t<div class=\"elementor-element elementor-element-7585a51 elementor-widget elementor-widget-spacer\" data-id=\"7585a51\" data-element_type=\"widget\" data-widget_type=\"spacer.default\">\n\t\t\t\t<div class=\"elementor-widget-container\">\n\t\t\t\t\t\t\t<div class=\"elementor-spacer\">\n\t\t\t<div class=\"elementor-spacer-inner\"><\/div>\n\t\t<\/div>\n\t\t\t\t\t\t<\/div>\n\t\t\t\t<\/div>\n\t\t\t\t<div class=\"elementor-element elementor-element-15aa920 elementor-widget elementor-widget-image\" data-id=\"15aa920\" data-element_type=\"widget\" data-widget_type=\"image.default\">\n\t\t\t\t<div class=\"elementor-widget-container\">\n\t\t\t\t\t\t\t\t\t\t\t\t\t\t\t<img fetchpriority=\"high\" decoding=\"async\" width=\"2813\" height=\"1103\" src=\"https:\/\/taopublicidad.com\/wp-content\/uploads\/2025\/01\/Pagina-web-TAO_2024-03.png\" class=\"attachment-full size-full wp-image-708\" alt=\"\" srcset=\"https:\/\/taopublicidad.com\/wp-content\/uploads\/2025\/01\/Pagina-web-TAO_2024-03.png 2813w, https:\/\/taopublicidad.com\/wp-content\/uploads\/2025\/01\/Pagina-web-TAO_2024-03-300x118.png 300w, https:\/\/taopublicidad.com\/wp-content\/uploads\/2025\/01\/Pagina-web-TAO_2024-03-1024x402.png 1024w, https:\/\/taopublicidad.com\/wp-content\/uploads\/2025\/01\/Pagina-web-TAO_2024-03-768x301.png 768w, https:\/\/taopublicidad.com\/wp-content\/uploads\/2025\/01\/Pagina-web-TAO_2024-03-1536x602.png 1536w, https:\/\/taopublicidad.com\/wp-content\/uploads\/2025\/01\/Pagina-web-TAO_2024-03-2048x803.png 2048w\" sizes=\"(max-width: 2813px) 100vw, 2813px\" \/>\t\t\t\t\t\t\t\t\t\t\t\t\t\t\t<\/div>\n\t\t\t\t<\/div>\n\t\t\t\t<div class=\"elementor-element elementor-element-23c56b1 elementor-widget elementor-widget-spacer\" data-id=\"23c56b1\" data-element_type=\"widget\" data-widget_type=\"spacer.default\">\n\t\t\t\t<div class=\"elementor-widget-container\">\n\t\t\t\t\t\t\t<div class=\"elementor-spacer\">\n\t\t\t<div class=\"elementor-spacer-inner\"><\/div>\n\t\t<\/div>\n\t\t\t\t\t\t<\/div>\n\t\t\t\t<\/div>\n\t\t\t\t<\/div>\n\t\t<div class=\"elementor-element elementor-element-3188cf3 e-con-full e-flex e-con e-child\" data-id=\"3188cf3\" data-element_type=\"container\">\n\t\t\t\t<div class=\"elementor-element elementor-element-4de58d6 elementor-align-right elementor-mobile-align-center elementor-widget elementor-widget-button\" data-id=\"4de58d6\" data-element_type=\"widget\" data-widget_type=\"button.default\">\n\t\t\t\t<div class=\"elementor-widget-container\">\n\t\t\t\t\t\t\t\t\t<div class=\"elementor-button-wrapper\">\n\t\t\t\t\t<a class=\"elementor-button elementor-button-link elementor-size-sm\" href=\"https:\/\/taopublicidad.com\/politicas\/POLITICAnodiscriminacion_TAO%202.pdf\" target=\"_blank\">\n\t\t\t\t\t\t<span class=\"elementor-button-content-wrapper\">\n\t\t\t\t\t\t<span class=\"elementor-button-icon\">\n\t\t\t\t<svg xmlns=\"http:\/\/www.w3.org\/2000\/svg\" xmlns:xlink=\"http:\/\/www.w3.org\/1999\/xlink\" id=\"Capa_1\" x=\"0px\" y=\"0px\" viewBox=\"0 0 40 40\" style=\"enable-background:new 0 0 40 40;\" xml:space=\"preserve\"><style type=\"text\/css\">\t.st0{fill:#FFFFFF;}<\/style><g>\t<g>\t\t<path class=\"st0\" d=\"M39.48,20.3c-0.61,0.99-1.45,1.78-2.3,2.56c-3.37,3.08-7.23,5.29-11.65,6.48c-4.3,1.16-8.56,0.94-12.76-0.52   c-4.44-1.54-8.28-4.01-11.47-7.48c-0.15-0.16-0.28-0.32-0.42-0.49c-0.49-0.59-0.49-1.12,0-1.71c1.06-1.26,2.25-2.38,3.54-3.39   c3.12-2.44,6.58-4.23,10.43-5.19c4.55-1.13,9-0.73,13.35,0.97c4.19,1.64,7.82,4.09,10.81,7.48c0.18,0.21,0.32,0.45,0.47,0.68   C39.48,19.9,39.48,20.1,39.48,20.3z M27.78,20c0-4.31-3.48-7.78-7.79-7.78c-4.29,0-7.76,3.46-7.77,7.76   c-0.01,4.31,3.46,7.79,7.77,7.8C24.3,27.78,27.78,24.3,27.78,20z M28.11,13.95c2.63,4.07,2.62,8.05,0.05,12.04   c0.03,0,0.06,0.02,0.07,0.01c0.09-0.04,0.19-0.08,0.28-0.12c3.02-1.37,5.67-3.28,8.03-5.61c0.21-0.21,0.21-0.32,0-0.53   c-2.15-2.15-4.58-3.92-7.3-5.27C28.89,14.29,28.53,14.14,28.11,13.95z M11.89,26.05C9.27,21.99,9.26,18,11.86,13.99   c-0.08,0.02-0.11,0.02-0.14,0.04c-3.14,1.39-5.89,3.35-8.32,5.78c-0.19,0.19-0.11,0.27,0.03,0.42c1.37,1.39,2.87,2.61,4.49,3.68   C9.16,24.72,10.45,25.43,11.89,26.05z\"><\/path>\t\t<path class=\"st0\" d=\"M19.7,39.48c-0.66-0.3-0.89-0.82-0.85-1.53c0.05-0.73,0.01-1.47,0.01-2.2c0-0.73,0.48-1.23,1.16-1.22   c0.66,0.01,1.12,0.51,1.12,1.22c0,0.73-0.03,1.47,0.01,2.2c0.04,0.72-0.19,1.23-0.85,1.53C20.1,39.48,19.9,39.48,19.7,39.48z\"><\/path>\t\t<path class=\"st0\" d=\"M9.94,36.61c-0.01-0.2,0.07-0.41,0.19-0.61c0.48-0.83,0.95-1.67,1.43-2.5c0.37-0.64,1.04-0.84,1.62-0.5   c0.56,0.33,0.72,1,0.38,1.62c-0.49,0.87-0.98,1.74-1.49,2.61c-0.28,0.48-0.8,0.67-1.31,0.53C10.25,37.6,9.94,37.18,9.94,36.61z\"><\/path>\t\t<path class=\"st0\" d=\"M30.07,36.67c0,0.49-0.31,0.92-0.77,1.07c-0.49,0.16-1.03,0.01-1.3-0.44c-0.56-0.93-1.1-1.88-1.62-2.84   c-0.29-0.54-0.05-1.18,0.47-1.48c0.52-0.29,1.19-0.15,1.51,0.37c0.56,0.92,1.07,1.86,1.6,2.8C30.05,36.31,30.07,36.49,30.07,36.67   z\"><\/path>\t\t<path class=\"st0\" d=\"M12.61,7.15c-0.44,0-0.78-0.19-1-0.57c-0.51-0.89-1.03-1.77-1.52-2.67C9.77,3.34,9.96,2.66,10.5,2.36   c0.55-0.31,1.22-0.15,1.55,0.41c0.53,0.89,1.05,1.79,1.54,2.71C14.01,6.25,13.47,7.15,12.61,7.15z\"><\/path>\t\t<path class=\"st0\" d=\"M27.39,7.15c-0.84-0.01-1.4-0.86-1.01-1.61c0.5-0.97,1.05-1.91,1.61-2.84c0.32-0.52,0.99-0.65,1.51-0.35   c0.51,0.29,0.73,0.96,0.45,1.49c-0.51,0.95-1.05,1.88-1.6,2.8C28.15,6.99,27.81,7.16,27.39,7.15z\"><\/path>\t\t<path class=\"st0\" d=\"M18.86,3.03c0-0.46-0.01-0.91,0-1.37c0.01-0.65,0.51-1.14,1.13-1.14c0.62-0.01,1.14,0.48,1.15,1.12   c0.01,0.91,0.02,1.82,0,2.73c-0.01,0.64-0.53,1.11-1.17,1.1c-0.61-0.01-1.1-0.49-1.11-1.12C18.85,3.91,18.86,3.47,18.86,3.03z\"><\/path>\t\t<path class=\"st0\" d=\"M23.89,19.99c0,2.16-1.73,3.89-3.88,3.9c-2.15,0-3.89-1.73-3.9-3.88c0-2.16,1.73-3.89,3.88-3.9   C22.15,16.11,23.89,17.84,23.89,19.99z M21.6,20c0-0.88-0.71-1.6-1.59-1.61c-0.88-0.01-1.6,0.7-1.61,1.58   c-0.01,0.9,0.71,1.63,1.6,1.63C20.89,21.6,21.6,20.89,21.6,20z\"><\/path>\t<\/g><\/g><\/svg>\t\t\t<\/span>\n\t\t\t\t\t\t\t\t\t<span class=\"elementor-button-text\">Pol\u00edtica NO discriminaci\u00f3n<\/span>\n\t\t\t\t\t<\/span>\n\t\t\t\t\t<\/a>\n\t\t\t\t<\/div>\n\t\t\t\t\t\t\t\t<\/div>\n\t\t\t\t<\/div>\n\t\t\t\t<\/div>\n\t\t<div class=\"elementor-element elementor-element-e887a85 e-con-full e-flex e-con e-child\" data-id=\"e887a85\" data-element_type=\"container\">\n\t\t\t\t<div class=\"elementor-element elementor-element-455ecc5 elementor-align-center elementor-widget elementor-widget-button\" data-id=\"455ecc5\" data-element_type=\"widget\" data-widget_type=\"button.default\">\n\t\t\t\t<div class=\"elementor-widget-container\">\n\t\t\t\t\t\t\t\t\t<div class=\"elementor-button-wrapper\">\n\t\t\t\t\t<a class=\"elementor-button elementor-button-link elementor-size-sm\" href=\"https:\/\/taopublicidad.com\/politicas\/POLIITICAOPORTUNIDADDEEQUIDADDEEMPLEOTAO-0822.pdf\" target=\"_blank\">\n\t\t\t\t\t\t<span class=\"elementor-button-content-wrapper\">\n\t\t\t\t\t\t<span class=\"elementor-button-icon\">\n\t\t\t\t<svg xmlns=\"http:\/\/www.w3.org\/2000\/svg\" xmlns:xlink=\"http:\/\/www.w3.org\/1999\/xlink\" id=\"Capa_1\" x=\"0px\" y=\"0px\" viewBox=\"0 0 40 40\" style=\"enable-background:new 0 0 40 40;\" xml:space=\"preserve\"><style type=\"text\/css\">\t.st0{fill:#FFFFFF;}<\/style><g>\t<g>\t\t<path class=\"st0\" d=\"M39.48,20.3c-0.61,0.99-1.45,1.78-2.3,2.56c-3.37,3.08-7.23,5.29-11.65,6.48c-4.3,1.16-8.56,0.94-12.76-0.52   c-4.44-1.54-8.28-4.01-11.47-7.48c-0.15-0.16-0.28-0.32-0.42-0.49c-0.49-0.59-0.49-1.12,0-1.71c1.06-1.26,2.25-2.38,3.54-3.39   c3.12-2.44,6.58-4.23,10.43-5.19c4.55-1.13,9-0.73,13.35,0.97c4.19,1.64,7.82,4.09,10.81,7.48c0.18,0.21,0.32,0.45,0.47,0.68   C39.48,19.9,39.48,20.1,39.48,20.3z M27.78,20c0-4.31-3.48-7.78-7.79-7.78c-4.29,0-7.76,3.46-7.77,7.76   c-0.01,4.31,3.46,7.79,7.77,7.8C24.3,27.78,27.78,24.3,27.78,20z M28.11,13.95c2.63,4.07,2.62,8.05,0.05,12.04   c0.03,0,0.06,0.02,0.07,0.01c0.09-0.04,0.19-0.08,0.28-0.12c3.02-1.37,5.67-3.28,8.03-5.61c0.21-0.21,0.21-0.32,0-0.53   c-2.15-2.15-4.58-3.92-7.3-5.27C28.89,14.29,28.53,14.14,28.11,13.95z M11.89,26.05C9.27,21.99,9.26,18,11.86,13.99   c-0.08,0.02-0.11,0.02-0.14,0.04c-3.14,1.39-5.89,3.35-8.32,5.78c-0.19,0.19-0.11,0.27,0.03,0.42c1.37,1.39,2.87,2.61,4.49,3.68   C9.16,24.72,10.45,25.43,11.89,26.05z\"><\/path>\t\t<path class=\"st0\" d=\"M19.7,39.48c-0.66-0.3-0.89-0.82-0.85-1.53c0.05-0.73,0.01-1.47,0.01-2.2c0-0.73,0.48-1.23,1.16-1.22   c0.66,0.01,1.12,0.51,1.12,1.22c0,0.73-0.03,1.47,0.01,2.2c0.04,0.72-0.19,1.23-0.85,1.53C20.1,39.48,19.9,39.48,19.7,39.48z\"><\/path>\t\t<path class=\"st0\" d=\"M9.94,36.61c-0.01-0.2,0.07-0.41,0.19-0.61c0.48-0.83,0.95-1.67,1.43-2.5c0.37-0.64,1.04-0.84,1.62-0.5   c0.56,0.33,0.72,1,0.38,1.62c-0.49,0.87-0.98,1.74-1.49,2.61c-0.28,0.48-0.8,0.67-1.31,0.53C10.25,37.6,9.94,37.18,9.94,36.61z\"><\/path>\t\t<path class=\"st0\" d=\"M30.07,36.67c0,0.49-0.31,0.92-0.77,1.07c-0.49,0.16-1.03,0.01-1.3-0.44c-0.56-0.93-1.1-1.88-1.62-2.84   c-0.29-0.54-0.05-1.18,0.47-1.48c0.52-0.29,1.19-0.15,1.51,0.37c0.56,0.92,1.07,1.86,1.6,2.8C30.05,36.31,30.07,36.49,30.07,36.67   z\"><\/path>\t\t<path class=\"st0\" d=\"M12.61,7.15c-0.44,0-0.78-0.19-1-0.57c-0.51-0.89-1.03-1.77-1.52-2.67C9.77,3.34,9.96,2.66,10.5,2.36   c0.55-0.31,1.22-0.15,1.55,0.41c0.53,0.89,1.05,1.79,1.54,2.71C14.01,6.25,13.47,7.15,12.61,7.15z\"><\/path>\t\t<path class=\"st0\" d=\"M27.39,7.15c-0.84-0.01-1.4-0.86-1.01-1.61c0.5-0.97,1.05-1.91,1.61-2.84c0.32-0.52,0.99-0.65,1.51-0.35   c0.51,0.29,0.73,0.96,0.45,1.49c-0.51,0.95-1.05,1.88-1.6,2.8C28.15,6.99,27.81,7.16,27.39,7.15z\"><\/path>\t\t<path class=\"st0\" d=\"M18.86,3.03c0-0.46-0.01-0.91,0-1.37c0.01-0.65,0.51-1.14,1.13-1.14c0.62-0.01,1.14,0.48,1.15,1.12   c0.01,0.91,0.02,1.82,0,2.73c-0.01,0.64-0.53,1.11-1.17,1.1c-0.61-0.01-1.1-0.49-1.11-1.12C18.85,3.91,18.86,3.47,18.86,3.03z\"><\/path>\t\t<path class=\"st0\" d=\"M23.89,19.99c0,2.16-1.73,3.89-3.88,3.9c-2.15,0-3.89-1.73-3.9-3.88c0-2.16,1.73-3.89,3.88-3.9   C22.15,16.11,23.89,17.84,23.89,19.99z M21.6,20c0-0.88-0.71-1.6-1.59-1.61c-0.88-0.01-1.6,0.7-1.61,1.58   c-0.01,0.9,0.71,1.63,1.6,1.63C20.89,21.6,21.6,20.89,21.6,20z\"><\/path>\t<\/g><\/g><\/svg>\t\t\t<\/span>\n\t\t\t\t\t\t\t\t\t<span class=\"elementor-button-text\">Pol\u00edtica Oportunidad  de equidad de empleo <\/span>\n\t\t\t\t\t<\/span>\n\t\t\t\t\t<\/a>\n\t\t\t\t<\/div>\n\t\t\t\t\t\t\t\t<\/div>\n\t\t\t\t<\/div>\n\t\t\t\t<\/div>\n\t\t<div class=\"elementor-element elementor-element-c1e9ccb e-con-full e-flex e-con e-child\" data-id=\"c1e9ccb\" data-element_type=\"container\">\n\t\t\t\t<div class=\"elementor-element elementor-element-20b2edd elementor-align-left elementor-widget__width-inherit elementor-mobile-align-center elementor-widget elementor-widget-button\" data-id=\"20b2edd\" data-element_type=\"widget\" data-widget_type=\"button.default\">\n\t\t\t\t<div class=\"elementor-widget-container\">\n\t\t\t\t\t\t\t\t\t<div class=\"elementor-button-wrapper\">\n\t\t\t\t\t<a class=\"elementor-button elementor-button-link elementor-size-sm\" href=\"https:\/\/taopublicidad.com\/politicas\/TAO_CODIGO_DE%20ETICA_2024_.pdf\" target=\"_blank\">\n\t\t\t\t\t\t<span class=\"elementor-button-content-wrapper\">\n\t\t\t\t\t\t<span class=\"elementor-button-icon\">\n\t\t\t\t<svg xmlns=\"http:\/\/www.w3.org\/2000\/svg\" xmlns:xlink=\"http:\/\/www.w3.org\/1999\/xlink\" id=\"Capa_1\" x=\"0px\" y=\"0px\" viewBox=\"0 0 40 40\" style=\"enable-background:new 0 0 40 40;\" xml:space=\"preserve\"><style type=\"text\/css\">\t.st0{fill:#FFFFFF;}<\/style><g>\t<g>\t\t<path class=\"st0\" d=\"M39.48,20.3c-0.61,0.99-1.45,1.78-2.3,2.56c-3.37,3.08-7.23,5.29-11.65,6.48c-4.3,1.16-8.56,0.94-12.76-0.52   c-4.44-1.54-8.28-4.01-11.47-7.48c-0.15-0.16-0.28-0.32-0.42-0.49c-0.49-0.59-0.49-1.12,0-1.71c1.06-1.26,2.25-2.38,3.54-3.39   c3.12-2.44,6.58-4.23,10.43-5.19c4.55-1.13,9-0.73,13.35,0.97c4.19,1.64,7.82,4.09,10.81,7.48c0.18,0.21,0.32,0.45,0.47,0.68   C39.48,19.9,39.48,20.1,39.48,20.3z M27.78,20c0-4.31-3.48-7.78-7.79-7.78c-4.29,0-7.76,3.46-7.77,7.76   c-0.01,4.31,3.46,7.79,7.77,7.8C24.3,27.78,27.78,24.3,27.78,20z M28.11,13.95c2.63,4.07,2.62,8.05,0.05,12.04   c0.03,0,0.06,0.02,0.07,0.01c0.09-0.04,0.19-0.08,0.28-0.12c3.02-1.37,5.67-3.28,8.03-5.61c0.21-0.21,0.21-0.32,0-0.53   c-2.15-2.15-4.58-3.92-7.3-5.27C28.89,14.29,28.53,14.14,28.11,13.95z M11.89,26.05C9.27,21.99,9.26,18,11.86,13.99   c-0.08,0.02-0.11,0.02-0.14,0.04c-3.14,1.39-5.89,3.35-8.32,5.78c-0.19,0.19-0.11,0.27,0.03,0.42c1.37,1.39,2.87,2.61,4.49,3.68   C9.16,24.72,10.45,25.43,11.89,26.05z\"><\/path>\t\t<path class=\"st0\" d=\"M19.7,39.48c-0.66-0.3-0.89-0.82-0.85-1.53c0.05-0.73,0.01-1.47,0.01-2.2c0-0.73,0.48-1.23,1.16-1.22   c0.66,0.01,1.12,0.51,1.12,1.22c0,0.73-0.03,1.47,0.01,2.2c0.04,0.72-0.19,1.23-0.85,1.53C20.1,39.48,19.9,39.48,19.7,39.48z\"><\/path>\t\t<path class=\"st0\" d=\"M9.94,36.61c-0.01-0.2,0.07-0.41,0.19-0.61c0.48-0.83,0.95-1.67,1.43-2.5c0.37-0.64,1.04-0.84,1.62-0.5   c0.56,0.33,0.72,1,0.38,1.62c-0.49,0.87-0.98,1.74-1.49,2.61c-0.28,0.48-0.8,0.67-1.31,0.53C10.25,37.6,9.94,37.18,9.94,36.61z\"><\/path>\t\t<path class=\"st0\" d=\"M30.07,36.67c0,0.49-0.31,0.92-0.77,1.07c-0.49,0.16-1.03,0.01-1.3-0.44c-0.56-0.93-1.1-1.88-1.62-2.84   c-0.29-0.54-0.05-1.18,0.47-1.48c0.52-0.29,1.19-0.15,1.51,0.37c0.56,0.92,1.07,1.86,1.6,2.8C30.05,36.31,30.07,36.49,30.07,36.67   z\"><\/path>\t\t<path class=\"st0\" d=\"M12.61,7.15c-0.44,0-0.78-0.19-1-0.57c-0.51-0.89-1.03-1.77-1.52-2.67C9.77,3.34,9.96,2.66,10.5,2.36   c0.55-0.31,1.22-0.15,1.55,0.41c0.53,0.89,1.05,1.79,1.54,2.71C14.01,6.25,13.47,7.15,12.61,7.15z\"><\/path>\t\t<path class=\"st0\" d=\"M27.39,7.15c-0.84-0.01-1.4-0.86-1.01-1.61c0.5-0.97,1.05-1.91,1.61-2.84c0.32-0.52,0.99-0.65,1.51-0.35   c0.51,0.29,0.73,0.96,0.45,1.49c-0.51,0.95-1.05,1.88-1.6,2.8C28.15,6.99,27.81,7.16,27.39,7.15z\"><\/path>\t\t<path class=\"st0\" d=\"M18.86,3.03c0-0.46-0.01-0.91,0-1.37c0.01-0.65,0.51-1.14,1.13-1.14c0.62-0.01,1.14,0.48,1.15,1.12   c0.01,0.91,0.02,1.82,0,2.73c-0.01,0.64-0.53,1.11-1.17,1.1c-0.61-0.01-1.1-0.49-1.11-1.12C18.85,3.91,18.86,3.47,18.86,3.03z\"><\/path>\t\t<path class=\"st0\" d=\"M23.89,19.99c0,2.16-1.73,3.89-3.88,3.9c-2.15,0-3.89-1.73-3.9-3.88c0-2.16,1.73-3.89,3.88-3.9   C22.15,16.11,23.89,17.84,23.89,19.99z M21.6,20c0-0.88-0.71-1.6-1.59-1.61c-0.88-0.01-1.6,0.7-1.61,1.58   c-0.01,0.9,0.71,1.63,1.6,1.63C20.89,21.6,21.6,20.89,21.6,20z\"><\/path>\t<\/g><\/g><\/svg>\t\t\t<\/span>\n\t\t\t\t\t\t\t\t\t<span class=\"elementor-button-text\">C\u00f3digo de \u00e9tica<\/span>\n\t\t\t\t\t<\/span>\n\t\t\t\t\t<\/a>\n\t\t\t\t<\/div>\n\t\t\t\t\t\t\t\t<\/div>\n\t\t\t\t<\/div>\n\t\t\t\t<\/div>\n\t\t<div class=\"elementor-element elementor-element-7554620 e-con-full e-flex e-con e-child\" data-id=\"7554620\" data-element_type=\"container\">\n\t\t\t\t<div class=\"elementor-element elementor-element-acbb244 elementor-widget elementor-widget-image\" data-id=\"acbb244\" data-element_type=\"widget\" data-widget_type=\"image.default\">\n\t\t\t\t<div class=\"elementor-widget-container\">\n\t\t\t\t\t\t\t\t\t\t\t\t\t\t\t<img decoding=\"async\" width=\"1600\" height=\"94\" src=\"https:\/\/taopublicidad.com\/wp-content\/uploads\/2024\/04\/RSE-04.png\" class=\"attachment-full size-full wp-image-397\" alt=\"\" srcset=\"https:\/\/taopublicidad.com\/wp-content\/uploads\/2024\/04\/RSE-04.png 1600w, https:\/\/taopublicidad.com\/wp-content\/uploads\/2024\/04\/RSE-04-300x18.png 300w, https:\/\/taopublicidad.com\/wp-content\/uploads\/2024\/04\/RSE-04-1024x60.png 1024w, https:\/\/taopublicidad.com\/wp-content\/uploads\/2024\/04\/RSE-04-768x45.png 768w, https:\/\/taopublicidad.com\/wp-content\/uploads\/2024\/04\/RSE-04-1536x90.png 1536w\" sizes=\"(max-width: 1600px) 100vw, 1600px\" \/>\t\t\t\t\t\t\t\t\t\t\t\t\t\t\t<\/div>\n\t\t\t\t<\/div>\n\t\t\t\t<\/div>\n\t\t\t\t<\/div>\n\t\t\t\t<\/div>\n\t\t","protected":false},"excerpt":{"rendered":"<p>Pol\u00edtica NO discriminaci\u00f3n Pol\u00edtica Oportunidad de equidad de empleo C\u00f3digo de \u00e9tica<\/p>\n","protected":false},"author":1,"featured_media":0,"parent":0,"menu_order":0,"comment_status":"closed","ping_status":"closed","template":"page-templates\/template-pagebuilder-full-width.php","meta":{"neve_meta_sidebar":"","neve_meta_container":"","neve_meta_enable_content_width":"","neve_meta_content_width":0,"neve_meta_title_alignment":"","neve_meta_author_avatar":"","neve_post_elements_order":"","neve_meta_disable_header":"","neve_meta_disable_footer":"","neve_meta_disable_title":"","footnotes":""},"class_list":["post-330","page","type-page","status-publish","hentry"],"_links":{"self":[{"href":"https:\/\/taopublicidad.com\/index.php\/wp-json\/wp\/v2\/pages\/330","targetHints":{"allow":["GET"]}}],"collection":[{"href":"https:\/\/taopublicidad.com\/index.php\/wp-json\/wp\/v2\/pages"}],"about":[{"href":"https:\/\/taopublicidad.com\/index.php\/wp-json\/wp\/v2\/types\/page"}],"author":[{"embeddable":true,"href":"https:\/\/taopublicidad.com\/index.php\/wp-json\/wp\/v2\/users\/1"}],"replies":[{"embeddable":true,"href":"https:\/\/taopublicidad.com\/index.php\/wp-json\/wp\/v2\/comments?post=330"}],"version-history":[{"count":103,"href":"https:\/\/taopublicidad.com\/index.php\/wp-json\/wp\/v2\/pages\/330\/revisions"}],"predecessor-version":[{"id":711,"href":"https:\/\/taopublicidad.com\/index.php\/wp-json\/wp\/v2\/pages\/330\/revisions\/711"}],"wp:attachment":[{"href":"https:\/\/taopublicidad.com\/index.php\/wp-json\/wp\/v2\/media?parent=330"}],"curies":[{"name":"wp","href":"https:\/\/api.w.org\/{rel}","templated":true}]}}